{"id":13796,"date":"2024-02-07T17:10:17","date_gmt":"2024-02-07T16:10:17","guid":{"rendered":"https:\/\/www.sky-tile.com\/?post_type=product&#038;p=13796"},"modified":"2026-04-28T12:10:30","modified_gmt":"2026-04-28T10:10:30","slug":"afrikanische-doussie","status":"publish","type":"product","link":"https:\/\/www.sky-tile.com\/de\/product-2\/afrikanische-doussie\/","title":{"rendered":"Afrikanische Doussie"},"content":{"rendered":"","protected":false},"excerpt":{"rendered":"<p>60\u00d760 cm gro\u00dfe Deckenplatten aus Steinwolle mit Holzdekor.<\/p>\n<p>Unsere Deckenplatten aus Holzimitat k\u00f6nnen Ihren Raum verwandeln und gem\u00fctlicher machen, ohne einen einzigen Baum zu f\u00e4llen!<\/p>\n<p>Paneeldecken erm\u00f6glichen es Ihnen, auch ohne besondere Erfahrung zu arbeiten, denn die Deckenplatten, die Sie erhalten, sind perfekt mit Ihren vorhandenen 60\u00d760 Deckenplatten kompatibel.<\/p>\n<h3>Eine Kombination aus 7 einzigartigen Grafiken, die der endg\u00fcltigen Pose ein realistischeres und nat\u00fcrlicheres Aussehen verleihen sollen<\/h3>","protected":false},"featured_media":15255,"template":"","meta":{"_joinchat":[]},"product_brand":[],"product_cat":[69],"product_tag":[119,107],"class_list":{"0":"post-13796","1":"product","2":"type-product","3":"status-publish","4":"has-post-thumbnail","6":"product_cat-effetto-legno","7":"product_tag-7-stonalizzazioni","8":"product_tag-euro-classe-a1","10":"first","11":"instock","12":"taxable","13":"shipping-taxable","14":"purchasable","15":"product-type-simple"},"_links":{"self":[{"href":"https:\/\/www.sky-tile.com\/de\/wp-json\/wp\/v2\/product\/13796","targetHints":{"allow":["GET"]}}],"collection":[{"href":"https:\/\/www.sky-tile.com\/de\/wp-json\/wp\/v2\/product"}],"about":[{"href":"https:\/\/www.sky-tile.com\/de\/wp-json\/wp\/v2\/types\/product"}],"wp:featuredmedia":[{"embeddable":true,"href":"https:\/\/www.sky-tile.com\/de\/wp-json\/wp\/v2\/media\/15255"}],"wp:attachment":[{"href":"https:\/\/www.sky-tile.com\/de\/wp-json\/wp\/v2\/media?parent=13796"}],"wp:term":[{"taxonomy":"product_brand","embeddable":true,"href":"https:\/\/www.sky-tile.com\/de\/wp-json\/wp\/v2\/product_brand?post=13796"},{"taxonomy":"product_cat","embeddable":true,"href":"https:\/\/www.sky-tile.com\/de\/wp-json\/wp\/v2\/product_cat?post=13796"},{"taxonomy":"product_tag","embeddable":true,"href":"https:\/\/www.sky-tile.com\/de\/wp-json\/wp\/v2\/product_tag?post=13796"}],"curies":[{"name":"wp","href":"https:\/\/api.w.org\/{rel}","templated":true}]}}