{"id":13771,"date":"2024-02-06T18:18:35","date_gmt":"2024-02-06T17:18:35","guid":{"rendered":"https:\/\/www.sky-tile.com\/?post_type=product&#038;p=13771"},"modified":"2025-01-07T08:41:09","modified_gmt":"2025-01-07T07:41:09","slug":"dunkles-teakholz","status":"publish","type":"product","link":"https:\/\/www.sky-tile.com\/de\/product-2\/dunkles-teakholz\/","title":{"rendered":"Teak dunkel"},"content":{"rendered":"","protected":false},"excerpt":{"rendered":"<p>60\u00d760 cm gro\u00dfe Deckenplatten aus Steinwolle mit Holzdekor.<\/p>\n<p>Unsere Deckenplatten aus Holzimitat k\u00f6nnen Ihren Raum verwandeln und gem\u00fctlicher machen, ohne einen einzigen Baum zu f\u00e4llen!<\/p>\n<p>Paneeldecken erm\u00f6glichen es Ihnen, auch ohne besondere Erfahrung zu arbeiten, denn die Deckenplatten, die Sie erhalten, sind perfekt mit Ihren vorhandenen 60\u00d760 Deckenplatten kompatibel.<\/p>\n<h3>Eine Kombination aus 7 einzigartigen Grafiken, die der endg\u00fcltigen Pose ein realistischeres und nat\u00fcrlicheres Aussehen verleihen sollen<\/h3>","protected":false},"featured_media":15270,"template":"","meta":{"_joinchat":[]},"product_brand":[],"product_cat":[69],"product_tag":[119,110],"class_list":{"0":"post-13771","1":"product","2":"type-product","3":"status-publish","4":"has-post-thumbnail","6":"product_cat-effetto-legno","7":"product_tag-7-stonalizzazioni","8":"product_tag-euro-classe-c","10":"first","11":"instock","12":"taxable","13":"shipping-taxable","14":"purchasable","15":"product-type-simple"},"_links":{"self":[{"href":"https:\/\/www.sky-tile.com\/de\/wp-json\/wp\/v2\/product\/13771","targetHints":{"allow":["GET"]}}],"collection":[{"href":"https:\/\/www.sky-tile.com\/de\/wp-json\/wp\/v2\/product"}],"about":[{"href":"https:\/\/www.sky-tile.com\/de\/wp-json\/wp\/v2\/types\/product"}],"wp:featuredmedia":[{"embeddable":true,"href":"https:\/\/www.sky-tile.com\/de\/wp-json\/wp\/v2\/media\/15270"}],"wp:attachment":[{"href":"https:\/\/www.sky-tile.com\/de\/wp-json\/wp\/v2\/media?parent=13771"}],"wp:term":[{"taxonomy":"product_brand","embeddable":true,"href":"https:\/\/www.sky-tile.com\/de\/wp-json\/wp\/v2\/product_brand?post=13771"},{"taxonomy":"product_cat","embeddable":true,"href":"https:\/\/www.sky-tile.com\/de\/wp-json\/wp\/v2\/product_cat?post=13771"},{"taxonomy":"product_tag","embeddable":true,"href":"https:\/\/www.sky-tile.com\/de\/wp-json\/wp\/v2\/product_tag?post=13771"}],"curies":[{"name":"wp","href":"https:\/\/api.w.org\/{rel}","templated":true}]}}