{"id":13753,"date":"2024-02-06T16:29:15","date_gmt":"2024-02-06T15:29:15","guid":{"rendered":"https:\/\/www.sky-tile.com\/?post_type=product&#038;p=13753"},"modified":"2025-11-11T08:40:49","modified_gmt":"2025-11-11T07:40:49","slug":"kirschbaum","status":"publish","type":"product","link":"https:\/\/www.sky-tile.com\/de\/product-2\/kirschbaum\/","title":{"rendered":"Kirschbaum"},"content":{"rendered":"","protected":false},"excerpt":{"rendered":"<p>60\u00d760 cm gro\u00dfe Deckenplatten aus Steinwolle mit Holzdekor.<\/p>\n<p>Unsere Deckenplatten aus Holzimitat k\u00f6nnen Ihren Raum verwandeln und gem\u00fctlicher machen, ohne einen einzigen Baum zu f\u00e4llen!<\/p>\n<p>Paneeldecken erm\u00f6glichen es Ihnen, auch ohne besondere Erfahrung zu arbeiten, denn die Deckenplatten, die Sie erhalten, sind perfekt mit Ihren vorhandenen 60\u00d760 Deckenplatten kompatibel.<\/p>\n<h3>Eine Kombination aus 7 einzigartigen Grafiken, die der endg\u00fcltigen Pose ein realistischeres und nat\u00fcrlicheres Aussehen verleihen sollen<\/h3>\n<div style=\"width: 1600px;\" class=\"wp-video\"><video class=\"wp-video-shortcode\" id=\"video-13753-1\" width=\"1600\" height=\"900\" loop autoplay preload=\"metadata\" controls=\"controls\"><source type=\"video\/mp4\" src=\"https:\/\/www.sky-tile.com\/wp-content\/uploads\/2024\/02\/CO-276.mp4?_=1\" \/><a href=\"https:\/\/www.sky-tile.com\/wp-content\/uploads\/2024\/02\/CO-276.mp4\">https:\/\/www.sky-tile.com\/wp-content\/uploads\/2024\/02\/CO-276.mp4<\/a><\/video><\/div>","protected":false},"featured_media":15261,"template":"","meta":{"_joinchat":[]},"product_brand":[],"product_cat":[69],"product_tag":[119,108],"class_list":{"0":"post-13753","1":"product","2":"type-product","3":"status-publish","4":"has-post-thumbnail","6":"product_cat-effetto-legno","7":"product_tag-7-stonalizzazioni","8":"product_tag-euro-classe-a2","10":"first","11":"instock","12":"taxable","13":"shipping-taxable","14":"purchasable","15":"product-type-simple"},"_links":{"self":[{"href":"https:\/\/www.sky-tile.com\/de\/wp-json\/wp\/v2\/product\/13753","targetHints":{"allow":["GET"]}}],"collection":[{"href":"https:\/\/www.sky-tile.com\/de\/wp-json\/wp\/v2\/product"}],"about":[{"href":"https:\/\/www.sky-tile.com\/de\/wp-json\/wp\/v2\/types\/product"}],"wp:featuredmedia":[{"embeddable":true,"href":"https:\/\/www.sky-tile.com\/de\/wp-json\/wp\/v2\/media\/15261"}],"wp:attachment":[{"href":"https:\/\/www.sky-tile.com\/de\/wp-json\/wp\/v2\/media?parent=13753"}],"wp:term":[{"taxonomy":"product_brand","embeddable":true,"href":"https:\/\/www.sky-tile.com\/de\/wp-json\/wp\/v2\/product_brand?post=13753"},{"taxonomy":"product_cat","embeddable":true,"href":"https:\/\/www.sky-tile.com\/de\/wp-json\/wp\/v2\/product_cat?post=13753"},{"taxonomy":"product_tag","embeddable":true,"href":"https:\/\/www.sky-tile.com\/de\/wp-json\/wp\/v2\/product_tag?post=13753"}],"curies":[{"name":"wp","href":"https:\/\/api.w.org\/{rel}","templated":true}]}}