{"id":12874,"date":"2023-08-02T14:39:57","date_gmt":"2023-08-02T12:39:57","guid":{"rendered":"https:\/\/www.sky-tile.com\/?post_type=product&#038;p=12874"},"modified":"2025-01-07T08:47:42","modified_gmt":"2025-01-07T07:47:42","slug":"grunes-monster-hintergrund","status":"publish","type":"product","link":"https:\/\/www.sky-tile.com\/de\/product-2\/grunes-monster-hintergrund\/","title":{"rendered":"Gr\u00fcnes Monster Hintergrund"},"content":{"rendered":"","protected":false},"excerpt":{"rendered":"<p>Farbige Deckenverkleidungen: Pantone-Farben verschmelzen mit Stofftexturen<\/p>\n<p>Verwandeln Sie Ihre R\u00e4ume mit unseren farbigen Deckenplatten, bei denen wir Unifarben mit Stofftexturen zu einem au\u00dfergew\u00f6hnlichen Ergebnis verschmelzen. Hergestellt durch Dekoration von recycelbaren 100% Steinwollplatten und unter Verwendung einer breiten Palette von Pantone\u00ae-Farben, um jeden Geschmack zu treffen. Unsere Paneele sind die ideale L\u00f6sung, um eine einzigartige und individuelle Atmosph\u00e4re zu schaffen. Ob im B\u00fcro, in der Produktion, im Verkauf oder in der Wohnung, diese farbigen Decken verleihen jedem Raum einen unvergleichlichen Touch von Pers\u00f6nlichkeit.<\/p>","protected":false},"featured_media":12876,"template":"","meta":{"_joinchat":[]},"product_brand":[],"product_cat":[15],"product_tag":[],"class_list":{"0":"post-12874","1":"product","2":"type-product","3":"status-publish","4":"has-post-thumbnail","6":"product_cat-senza-categoria","8":"first","9":"instock","10":"taxable","11":"shipping-taxable","12":"purchasable","13":"product-type-simple"},"_links":{"self":[{"href":"https:\/\/www.sky-tile.com\/de\/wp-json\/wp\/v2\/product\/12874","targetHints":{"allow":["GET"]}}],"collection":[{"href":"https:\/\/www.sky-tile.com\/de\/wp-json\/wp\/v2\/product"}],"about":[{"href":"https:\/\/www.sky-tile.com\/de\/wp-json\/wp\/v2\/types\/product"}],"wp:featuredmedia":[{"embeddable":true,"href":"https:\/\/www.sky-tile.com\/de\/wp-json\/wp\/v2\/media\/12876"}],"wp:attachment":[{"href":"https:\/\/www.sky-tile.com\/de\/wp-json\/wp\/v2\/media?parent=12874"}],"wp:term":[{"taxonomy":"product_brand","embeddable":true,"href":"https:\/\/www.sky-tile.com\/de\/wp-json\/wp\/v2\/product_brand?post=12874"},{"taxonomy":"product_cat","embeddable":true,"href":"https:\/\/www.sky-tile.com\/de\/wp-json\/wp\/v2\/product_cat?post=12874"},{"taxonomy":"product_tag","embeddable":true,"href":"https:\/\/www.sky-tile.com\/de\/wp-json\/wp\/v2\/product_tag?post=12874"}],"curies":[{"name":"wp","href":"https:\/\/api.w.org\/{rel}","templated":true}]}}