{"id":12222,"date":"2023-06-06T10:35:07","date_gmt":"2023-06-06T08:35:07","guid":{"rendered":"https:\/\/www.sky-tile.com\/?post_type=product&#038;p=12222"},"modified":"2025-01-17T15:53:51","modified_gmt":"2025-01-17T14:53:51","slug":"deckenplatten-himmel","status":"publish","type":"product","link":"https:\/\/www.sky-tile.com\/de\/product-2\/deckenplatten-himmel\/","title":{"rendered":"Himmel in einem Raum"},"content":{"rendered":"","protected":false},"excerpt":{"rendered":"<p>Sky In A Room 60\u00d760 cm Modulare Deckenplatten aus Steinwolle, bedruckt mit einem Himmelseffekt. Wir entwerfen eine Himmelsgrafik f\u00fcr Ihren Raum, die sich \u00fcber die gesamte Deckenfl\u00e4che erstreckt. Jede 60\u00d760-Platte ist Teil eines riesigen \"Puzzles\", mit dem Sie nach Fertigstellung den Himmel in einem Raum haben werden. Die Paneele werden nummeriert, damit Sie sie anhand des mitgelieferten Installationsschemas leicht anbringen k\u00f6nnen.<\/p>\n<p><strong>Bevor Sie mit der Bestellung fortfahren, empfehlen wir Ihnen, uns den Grundriss und Fotos der gesamten Decke zukommen zu lassen, damit wir Ihre Decke mit Himmelseffekt korrekt entwerfen und die genaue Anzahl der Paneele bestimmen k\u00f6nnen, die in der Bestellung enthalten sein m\u00fcssen.<\/strong><\/p>\n<p>Schaffen Sie ein einzigartiges Ambiente mit dem Himmel in einem Raum!<\/p>\n<p><strong><a href=\"\/de\/contattaci\/\">Kontaktieren Sie uns<\/a><\/strong><\/p>\n<p>&nbsp;<\/p>","protected":false},"featured_media":15555,"template":"","meta":{"_joinchat":[]},"product_brand":[],"product_cat":[93],"product_tag":[104,107],"class_list":{"0":"post-12222","1":"product","2":"type-product","3":"status-publish","4":"has-post-thumbnail","6":"product_cat-cielo-in-una-stanza","7":"product_tag-cielo","8":"product_tag-euro-classe-a1","10":"first","11":"instock","12":"taxable","13":"shipping-taxable","14":"purchasable","15":"product-type-simple"},"_links":{"self":[{"href":"https:\/\/www.sky-tile.com\/de\/wp-json\/wp\/v2\/product\/12222","targetHints":{"allow":["GET"]}}],"collection":[{"href":"https:\/\/www.sky-tile.com\/de\/wp-json\/wp\/v2\/product"}],"about":[{"href":"https:\/\/www.sky-tile.com\/de\/wp-json\/wp\/v2\/types\/product"}],"wp:featuredmedia":[{"embeddable":true,"href":"https:\/\/www.sky-tile.com\/de\/wp-json\/wp\/v2\/media\/15555"}],"wp:attachment":[{"href":"https:\/\/www.sky-tile.com\/de\/wp-json\/wp\/v2\/media?parent=12222"}],"wp:term":[{"taxonomy":"product_brand","embeddable":true,"href":"https:\/\/www.sky-tile.com\/de\/wp-json\/wp\/v2\/product_brand?post=12222"},{"taxonomy":"product_cat","embeddable":true,"href":"https:\/\/www.sky-tile.com\/de\/wp-json\/wp\/v2\/product_cat?post=12222"},{"taxonomy":"product_tag","embeddable":true,"href":"https:\/\/www.sky-tile.com\/de\/wp-json\/wp\/v2\/product_tag?post=12222"}],"curies":[{"name":"wp","href":"https:\/\/api.w.org\/{rel}","templated":true}]}}