{"id":12040,"date":"2023-05-25T09:58:37","date_gmt":"2023-05-25T09:58:37","guid":{"rendered":"https:\/\/www.sky-tile.com\/?post_type=product&#038;p=12040"},"modified":"2026-01-09T16:19:50","modified_gmt":"2026-01-09T15:19:50","slug":"zusammensetzung-aus-60-tierstucken","status":"publish","type":"product","link":"https:\/\/www.sky-tile.com\/de\/product-2\/zusammensetzung-aus-60-tierstucken\/","title":{"rendered":"Tiere - Satz mit 60 Teilen"},"content":{"rendered":"","protected":false},"excerpt":{"rendered":"<p>Willkommen in der wunderbaren Welt unserer Kindertafeln! Wir freuen uns, Ihnen unsere fantastische Kollektion von Tafeln im Format 60\u00d760 vorstellen zu k\u00f6nnen, auf denen Tiere aus aller Welt abgebildet sind. Jede Tafel zeigt ein anderes Tier, wie L\u00f6wen, Elefanten, Giraffen, Affen und viele mehr. Unsere hellen und farbenfrohen Motive ziehen die Aufmerksamkeit der Kinder auf sich und regen sie dazu an, die Welt der Tiere zu erkunden. Mit unseren Tiertafeln k\u00f6nnen Kinder spielerisch lernen und eine Liebe und Neugier f\u00fcr die Natur entwickeln. Wir freuen uns, eine anregende und kreative Lernm\u00f6glichkeit anbieten zu k\u00f6nnen, die das Bildungsumfeld der Kinder bereichert.<\/p>\n<p>Nachfolgend das Diagramm <strong>bestehend aus 60 Tieren <\/strong>von unseren Innenarchitekten untersucht:<\/p>\n<p><img fetchpriority=\"high\" decoding=\"async\" class=\"alignnone wp-image-12041 size-full\" src=\"https:\/\/www.sky-tile.com\/wp-content\/uploads\/2023\/05\/Immagine-2023-05-25-120939.jpg\" alt=\"\" width=\"1978\" height=\"1190\" srcset=\"https:\/\/www.sky-tile.com\/wp-content\/uploads\/2023\/05\/Immagine-2023-05-25-120939.jpg 1978w, https:\/\/www.sky-tile.com\/wp-content\/uploads\/2023\/05\/Immagine-2023-05-25-120939-300x180.jpg 300w, https:\/\/www.sky-tile.com\/wp-content\/uploads\/2023\/05\/Immagine-2023-05-25-120939-600x361.jpg 600w, https:\/\/www.sky-tile.com\/wp-content\/uploads\/2023\/05\/Immagine-2023-05-25-120939-1024x616.jpg 1024w, https:\/\/www.sky-tile.com\/wp-content\/uploads\/2023\/05\/Immagine-2023-05-25-120939-768x462.jpg 768w, https:\/\/www.sky-tile.com\/wp-content\/uploads\/2023\/05\/Immagine-2023-05-25-120939-1536x924.jpg 1536w, https:\/\/www.sky-tile.com\/wp-content\/uploads\/2023\/05\/Immagine-2023-05-25-120939-18x12.jpg 18w, https:\/\/www.sky-tile.com\/wp-content\/uploads\/2023\/05\/Immagine-2023-05-25-120939-1920x1155.jpg 1920w\" sizes=\"(max-width: 1978px) 100vw, 1978px\" \/><\/p>","protected":false},"featured_media":12041,"template":"","meta":{"_joinchat":[]},"product_brand":[],"product_cat":[102],"product_tag":[106,110],"class_list":{"0":"post-12040","1":"product","2":"type-product","3":"status-publish","4":"has-post-thumbnail","6":"product_cat-didattica","7":"product_tag-animali","8":"product_tag-euro-classe-c","10":"first","11":"instock","12":"taxable","13":"shipping-taxable","14":"purchasable","15":"product-type-simple"},"_links":{"self":[{"href":"https:\/\/www.sky-tile.com\/de\/wp-json\/wp\/v2\/product\/12040","targetHints":{"allow":["GET"]}}],"collection":[{"href":"https:\/\/www.sky-tile.com\/de\/wp-json\/wp\/v2\/product"}],"about":[{"href":"https:\/\/www.sky-tile.com\/de\/wp-json\/wp\/v2\/types\/product"}],"wp:featuredmedia":[{"embeddable":true,"href":"https:\/\/www.sky-tile.com\/de\/wp-json\/wp\/v2\/media\/12041"}],"wp:attachment":[{"href":"https:\/\/www.sky-tile.com\/de\/wp-json\/wp\/v2\/media?parent=12040"}],"wp:term":[{"taxonomy":"product_brand","embeddable":true,"href":"https:\/\/www.sky-tile.com\/de\/wp-json\/wp\/v2\/product_brand?post=12040"},{"taxonomy":"product_cat","embeddable":true,"href":"https:\/\/www.sky-tile.com\/de\/wp-json\/wp\/v2\/product_cat?post=12040"},{"taxonomy":"product_tag","embeddable":true,"href":"https:\/\/www.sky-tile.com\/de\/wp-json\/wp\/v2\/product_tag?post=12040"}],"curies":[{"name":"wp","href":"https:\/\/api.w.org\/{rel}","templated":true}]}}