{"id":11729,"date":"2023-05-17T16:10:53","date_gmt":"2023-05-17T16:10:53","guid":{"rendered":"https:\/\/www.sky-tile.com\/?post_type=product&#038;p=11729"},"modified":"2025-09-08T17:13:42","modified_gmt":"2025-09-08T15:13:42","slug":"alphamonster","status":"publish","type":"product","link":"https:\/\/www.sky-tile.com\/de\/product-2\/alphamonster\/","title":{"rendered":"Alfa Monster Bausatz mit 26 Teilen"},"content":{"rendered":"","protected":false},"excerpt":{"rendered":"<p>Willkommen in der wunderbaren Welt unserer Kindertafeln! Wir freuen uns, Ihnen unsere fantastische Kollektion von 26 Tafeln im Format 60\u00d760 vorstellen zu k\u00f6nnen, auf denen die Buchstaben des Alphabets von A bis Z abgebildet sind. Jede dieser Tafeln wird von einem niedlichen Monster begleitet, das die Zahl unterst\u00fctzt und darstellt.<\/p>\n<p>Unsere Paneelreihe wurde speziell f\u00fcr die Dekoration von Moduldecken und die Versch\u00f6nerung von R\u00e4umen in Kinderg\u00e4rten, Kinderkrippen, Kindererholungsr\u00e4umen in Kinderkliniken und vielen anderen Umgebungen entwickelt. Wir sind der festen \u00dcberzeugung, dass das Lernen den Kindern Spa\u00df machen und sie anregen sollte, und genau deshalb haben wir diese Paneele entwickelt.<\/p>\n<p>Nachfolgend das Diagramm <strong>bestehend aus 26 modularen Grafiken<\/strong> von unseren Innenarchitekten untersucht:<\/p>\n<p><a href=\"https:\/\/www.sky-tile.com\/wp-content\/uploads\/2023\/05\/Screenshot-2025-09-08-150444.png\"><img fetchpriority=\"high\" decoding=\"async\" class=\"alignnone wp-image-15948 size-full\" src=\"https:\/\/www.sky-tile.com\/wp-content\/uploads\/2023\/05\/Screenshot-2025-09-08-150444.png\" alt=\"\" width=\"1042\" height=\"1044\" srcset=\"https:\/\/www.sky-tile.com\/wp-content\/uploads\/2023\/05\/Screenshot-2025-09-08-150444.png 1042w, https:\/\/www.sky-tile.com\/wp-content\/uploads\/2023\/05\/Screenshot-2025-09-08-150444-300x301.png 300w, https:\/\/www.sky-tile.com\/wp-content\/uploads\/2023\/05\/Screenshot-2025-09-08-150444-1022x1024.png 1022w, https:\/\/www.sky-tile.com\/wp-content\/uploads\/2023\/05\/Screenshot-2025-09-08-150444-150x150.png 150w, https:\/\/www.sky-tile.com\/wp-content\/uploads\/2023\/05\/Screenshot-2025-09-08-150444-768x769.png 768w, https:\/\/www.sky-tile.com\/wp-content\/uploads\/2023\/05\/Screenshot-2025-09-08-150444-12x12.png 12w, https:\/\/www.sky-tile.com\/wp-content\/uploads\/2023\/05\/Screenshot-2025-09-08-150444-450x450.png 450w, https:\/\/www.sky-tile.com\/wp-content\/uploads\/2023\/05\/Screenshot-2025-09-08-150444-600x601.png 600w, https:\/\/www.sky-tile.com\/wp-content\/uploads\/2023\/05\/Screenshot-2025-09-08-150444-100x100.png 100w\" sizes=\"(max-width: 1042px) 100vw, 1042px\" \/><\/a><\/p>","protected":false},"featured_media":15978,"template":"","meta":{"_joinchat":[]},"product_brand":[],"product_cat":[102],"product_tag":[108],"class_list":{"0":"post-11729","1":"product","2":"type-product","3":"status-publish","4":"has-post-thumbnail","6":"product_cat-didattica","7":"product_tag-euro-classe-a2","9":"first","10":"instock","11":"taxable","12":"shipping-taxable","13":"purchasable","14":"product-type-simple"},"_links":{"self":[{"href":"https:\/\/www.sky-tile.com\/de\/wp-json\/wp\/v2\/product\/11729","targetHints":{"allow":["GET"]}}],"collection":[{"href":"https:\/\/www.sky-tile.com\/de\/wp-json\/wp\/v2\/product"}],"about":[{"href":"https:\/\/www.sky-tile.com\/de\/wp-json\/wp\/v2\/types\/product"}],"wp:featuredmedia":[{"embeddable":true,"href":"https:\/\/www.sky-tile.com\/de\/wp-json\/wp\/v2\/media\/15978"}],"wp:attachment":[{"href":"https:\/\/www.sky-tile.com\/de\/wp-json\/wp\/v2\/media?parent=11729"}],"wp:term":[{"taxonomy":"product_brand","embeddable":true,"href":"https:\/\/www.sky-tile.com\/de\/wp-json\/wp\/v2\/product_brand?post=11729"},{"taxonomy":"product_cat","embeddable":true,"href":"https:\/\/www.sky-tile.com\/de\/wp-json\/wp\/v2\/product_cat?post=11729"},{"taxonomy":"product_tag","embeddable":true,"href":"https:\/\/www.sky-tile.com\/de\/wp-json\/wp\/v2\/product_tag?post=11729"}],"curies":[{"name":"wp","href":"https:\/\/api.w.org\/{rel}","templated":true}]}}