{"id":11631,"date":"2023-05-18T15:15:24","date_gmt":"2023-05-18T15:15:24","guid":{"rendered":"https:\/\/www.sky-tile.com\/?post_type=product&#038;p=11631"},"modified":"2025-07-25T10:12:12","modified_gmt":"2025-07-25T08:12:12","slug":"panelstichprobe","status":"publish","type":"product","link":"https:\/\/www.sky-tile.com\/de\/product-2\/panelstichprobe\/","title":{"rendered":"Musterbox mit 9 Paneelen"},"content":{"rendered":"","protected":false},"excerpt":{"rendered":"<p>Entdecken Sie unsere Auswahl an Mustern, die von unseren Designern sorgf\u00e4ltig ausgew\u00e4hlt wurden und die beliebtesten Produkte und aktuellen Trends umfassen. Erwerben Sie eines unserer Musterb\u00fccher und erleben Sie die Qualit\u00e4t unserer Sky-Tiles aus erster Hand und lassen Sie sich inspirieren, Ihre Decke in eine einzigartige Designerl\u00f6sung zu verwandeln.<\/p>\n<p>Z\u00f6gern Sie nicht, bestellen Sie jetzt Ihr Muster und beginnen Sie damit, die perfekte L\u00f6sung f\u00fcr Ihre Umgebung zu schaffen!<\/p>","protected":false},"featured_media":12789,"template":"","meta":{"_joinchat":[]},"product_brand":[],"product_cat":[99],"product_tag":[],"class_list":{"0":"post-11631","1":"product","2":"type-product","3":"status-publish","4":"has-post-thumbnail","6":"product_cat-campionatura","8":"first","9":"instock","10":"taxable","11":"shipping-taxable","12":"purchasable","13":"product-type-simple"},"_links":{"self":[{"href":"https:\/\/www.sky-tile.com\/de\/wp-json\/wp\/v2\/product\/11631","targetHints":{"allow":["GET"]}}],"collection":[{"href":"https:\/\/www.sky-tile.com\/de\/wp-json\/wp\/v2\/product"}],"about":[{"href":"https:\/\/www.sky-tile.com\/de\/wp-json\/wp\/v2\/types\/product"}],"wp:featuredmedia":[{"embeddable":true,"href":"https:\/\/www.sky-tile.com\/de\/wp-json\/wp\/v2\/media\/12789"}],"wp:attachment":[{"href":"https:\/\/www.sky-tile.com\/de\/wp-json\/wp\/v2\/media?parent=11631"}],"wp:term":[{"taxonomy":"product_brand","embeddable":true,"href":"https:\/\/www.sky-tile.com\/de\/wp-json\/wp\/v2\/product_brand?post=11631"},{"taxonomy":"product_cat","embeddable":true,"href":"https:\/\/www.sky-tile.com\/de\/wp-json\/wp\/v2\/product_cat?post=11631"},{"taxonomy":"product_tag","embeddable":true,"href":"https:\/\/www.sky-tile.com\/de\/wp-json\/wp\/v2\/product_tag?post=11631"}],"curies":[{"name":"wp","href":"https:\/\/api.w.org\/{rel}","templated":true}]}}