{"id":10802,"date":"2022-11-03T11:14:39","date_gmt":"2022-11-03T11:14:39","guid":{"rendered":"https:\/\/www.sky-tile.com\/?page_id=10802"},"modified":"2022-11-03T14:19:59","modified_gmt":"2022-11-03T14:19:59","slug":"installation","status":"publish","type":"page","link":"https:\/\/www.sky-tile.com\/de\/installation\/","title":{"rendered":"Einrichtung"},"content":{"rendered":"<div data-elementor-type=\"wp-page\" data-elementor-id=\"10802\" class=\"elementor elementor-10802\" data-elementor-post-type=\"page\">\n\t\t\t\t\t\t<section class=\"has_eae_slider elementor-section elementor-top-section elementor-element elementor-element-78d6024 elementor-section-boxed elementor-section-height-default elementor-section-height-default\" data-eae-slider=\"69082\" data-id=\"78d6024\" data-element_type=\"section\">\n\t\t\t\t\t\t<div class=\"elementor-container elementor-column-gap-default\">\n\t\t\t\t\t<div class=\"has_eae_slider elementor-column elementor-col-50 elementor-top-column elementor-element elementor-element-6874219\" data-eae-slider=\"65731\" data-id=\"6874219\" data-element_type=\"column\">\n\t\t\t<div class=\"elementor-widget-wrap elementor-element-populated\">\n\t\t\t\t\t\t<div class=\"elementor-element elementor-element-39aba65 elementor-widget elementor-widget-text-editor\" data-id=\"39aba65\" data-element_type=\"widget\" data-widget_type=\"text-editor.default\">\n\t\t\t\t<div class=\"elementor-widget-container\">\n\t\t\t\t\t\t\t\t\t<p>Die Montage unserer Sky-Tile-Paneele ist einfach und sicher, da sie nur 400 g wiegen und mit einer einfachen Leiter von jedermann in die modulare Tr\u00e4gerstruktur eingesetzt und richtig positioniert werden k\u00f6nnen.<\/p><p>Unsere 60\u00d760 modularen Deckenplatten werden auf eine von Saint Gobain hergestellte Steinfasertr\u00e4gerplatte gedruckt und k\u00f6nnen in jedes modulare Raster dieser Gr\u00f6\u00dfe eingebaut werden.<\/p><p>Das tats\u00e4chliche Format der Tafeln betr\u00e4gt 59,5\u00d759,5 cm und sie k\u00f6nnen problemlos durch bereits vorhandene Tafeln der gleichen Gr\u00f6\u00dfe mit einem Rand vom Typ A (quadratisch) ersetzt werden.<\/p><p>Sie lassen sich leicht mit einem Cutter formen, was sie auch f\u00fcr Unge\u00fcbte sehr vielseitig macht.<\/p><p>Wir empfehlen Ihnen, bei der Arbeit mit Steinfaserplatten, die als Baumaterial eingestuft sind, immer eine pers\u00f6nliche Schutzausr\u00fcstung zu verwenden:<\/p><ul><li>Brillen<\/li><li>Handschuhe<\/li><li>Maske<\/li><\/ul><p>und denken Sie daran, den Raum nach der Installation zu l\u00fcften.<\/p>\t\t\t\t\t\t\t\t<\/div>\n\t\t\t\t<\/div>\n\t\t\t\t\t<\/div>\n\t\t<\/div>\n\t\t\t\t<div class=\"has_eae_slider elementor-column elementor-col-50 elementor-top-column elementor-element elementor-element-d5932b0\" data-eae-slider=\"83780\" data-id=\"d5932b0\" data-element_type=\"column\">\n\t\t\t<div class=\"elementor-widget-wrap elementor-element-populated\">\n\t\t\t\t\t\t<div class=\"elementor-element elementor-element-e97a4ab elementor-widget elementor-widget-image\" data-id=\"e97a4ab\" data-element_type=\"widget\" data-widget_type=\"image.default\">\n\t\t\t\t<div class=\"elementor-widget-container\">\n\t\t\t\t\t\t\t\t\t\t\t\t\t\t\t\t<a href=\"https:\/\/www.sky-tile.com\/wp-content\/uploads\/2022\/11\/orditura-compressed-1-scaled.jpg\" data-elementor-open-lightbox=\"yes\" data-elementor-lightbox-title=\"orditura-compressed\" data-e-action-hash=\"#elementor-action%3Aaction%3Dlightbox%26settings%3DeyJpZCI6MTA4MzQsInVybCI6Imh0dHBzOlwvXC93d3cuc2t5LXRpbGUuY29tXC93cC1jb250ZW50XC91cGxvYWRzXC8yMDIyXC8xMVwvb3JkaXR1cmEtY29tcHJlc3NlZC0xLXNjYWxlZC5qcGcifQ%3D%3D\">\n\t\t\t\t\t\t\t<img fetchpriority=\"high\" decoding=\"async\" width=\"1024\" height=\"1024\" src=\"https:\/\/www.sky-tile.com\/wp-content\/uploads\/2022\/11\/orditura-compressed-1-1024x1024.jpg\" class=\"attachment-large size-large wp-image-10834\" alt=\"\" srcset=\"https:\/\/www.sky-tile.com\/wp-content\/uploads\/2022\/11\/orditura-compressed-1-1024x1024.jpg.webp 1024w, https:\/\/www.sky-tile.com\/wp-content\/uploads\/2022\/11\/orditura-compressed-1-300x300.jpg.webp 300w, https:\/\/www.sky-tile.com\/wp-content\/uploads\/2022\/11\/orditura-compressed-1-scaled-100x100.jpg.webp 100w, https:\/\/www.sky-tile.com\/wp-content\/uploads\/2022\/11\/orditura-compressed-1-scaled-600x600.jpg.webp 600w, https:\/\/www.sky-tile.com\/wp-content\/uploads\/2022\/11\/orditura-compressed-1-scaled-450x450.jpg 450w, https:\/\/www.sky-tile.com\/wp-content\/uploads\/2022\/11\/orditura-compressed-1-150x150.jpg.webp 150w, https:\/\/www.sky-tile.com\/wp-content\/uploads\/2022\/11\/orditura-compressed-1-768x768.jpg.webp 768w, https:\/\/www.sky-tile.com\/wp-content\/uploads\/2022\/11\/orditura-compressed-1-1536x1536.jpg.webp 1536w, https:\/\/www.sky-tile.com\/wp-content\/uploads\/2022\/11\/orditura-compressed-1-2048x2048.jpg.webp 2048w, https:\/\/www.sky-tile.com\/wp-content\/uploads\/2022\/11\/orditura-compressed-1-12x12.jpg.webp 12w, https:\/\/www.sky-tile.com\/wp-content\/uploads\/2022\/11\/orditura-compressed-1-1920x1920.jpg.webp 1920w\" sizes=\"(max-width: 1024px) 100vw, 1024px\" title=\"\">\t\t\t\t\t\t\t\t<\/a>\n\t\t\t\t\t\t\t\t\t\t\t\t\t\t\t<\/div>\n\t\t\t\t<\/div>\n\t\t\t\t<div class=\"elementor-element elementor-element-ab2c1d8 elementor-widget elementor-widget-image\" data-id=\"ab2c1d8\" data-element_type=\"widget\" data-widget_type=\"image.default\">\n\t\t\t\t<div class=\"elementor-widget-container\">\n\t\t\t\t\t\t\t\t\t\t\t\t\t\t\t\t<a href=\"https:\/\/www.sky-tile.com\/wp-content\/uploads\/2022\/11\/tipo-profilo-controsoffitto.png\" data-elementor-open-lightbox=\"yes\" data-elementor-lightbox-title=\"tipo-profilo-controsoffitto\" data-e-action-hash=\"#elementor-action%3Aaction%3Dlightbox%26settings%3DeyJpZCI6MTA4NDQsInVybCI6Imh0dHBzOlwvXC93d3cuc2t5LXRpbGUuY29tXC93cC1jb250ZW50XC91cGxvYWRzXC8yMDIyXC8xMVwvdGlwby1wcm9maWxvLWNvbnRyb3NvZmZpdHRvLnBuZyJ9\">\n\t\t\t\t\t\t\t<img decoding=\"async\" width=\"696\" height=\"630\" src=\"https:\/\/www.sky-tile.com\/wp-content\/uploads\/2022\/11\/tipo-profilo-controsoffitto.png\" class=\"attachment-large size-large wp-image-10844\" alt=\"\" srcset=\"https:\/\/www.sky-tile.com\/wp-content\/uploads\/2022\/11\/tipo-profilo-controsoffitto.png.webp 696w, https:\/\/www.sky-tile.com\/wp-content\/uploads\/2022\/11\/tipo-profilo-controsoffitto-300x272.png.webp 300w, https:\/\/www.sky-tile.com\/wp-content\/uploads\/2022\/11\/tipo-profilo-controsoffitto-600x543.png.webp 600w, https:\/\/www.sky-tile.com\/wp-content\/uploads\/2022\/11\/tipo-profilo-controsoffitto-13x12.png.webp 13w\" sizes=\"(max-width: 696px) 100vw, 696px\" title=\"\">\t\t\t\t\t\t\t\t<\/a>\n\t\t\t\t\t\t\t\t\t\t\t\t\t\t\t<\/div>\n\t\t\t\t<\/div>\n\t\t\t\t<div class=\"elementor-element elementor-element-171960a elementor-widget elementor-widget-image\" data-id=\"171960a\" data-element_type=\"widget\" data-widget_type=\"image.default\">\n\t\t\t\t<div class=\"elementor-widget-container\">\n\t\t\t\t\t\t\t\t\t\t\t\t\t\t\t\t<a href=\"https:\/\/www.sky-tile.com\/wp-content\/uploads\/2022\/11\/raccomandazioni-uso.jpg\" data-elementor-open-lightbox=\"yes\" data-elementor-lightbox-title=\"raccomandazioni-uso\" data-e-action-hash=\"#elementor-action%3Aaction%3Dlightbox%26settings%3DeyJpZCI6MTA4NTEsInVybCI6Imh0dHBzOlwvXC93d3cuc2t5LXRpbGUuY29tXC93cC1jb250ZW50XC91cGxvYWRzXC8yMDIyXC8xMVwvcmFjY29tYW5kYXppb25pLXVzby5qcGcifQ%3D%3D\">\n\t\t\t\t\t\t\t<img decoding=\"async\" width=\"1016\" height=\"1024\" src=\"https:\/\/www.sky-tile.com\/wp-content\/uploads\/2022\/11\/raccomandazioni-uso-1016x1024.jpg\" class=\"attachment-large size-large wp-image-10851\" alt=\"\" srcset=\"https:\/\/www.sky-tile.com\/wp-content\/uploads\/2022\/11\/raccomandazioni-uso-1016x1024.jpg.webp 1016w, https:\/\/www.sky-tile.com\/wp-content\/uploads\/2022\/11\/raccomandazioni-uso-300x302.jpg.webp 300w, https:\/\/www.sky-tile.com\/wp-content\/uploads\/2022\/11\/raccomandazioni-uso-100x100.jpg.webp 100w, https:\/\/www.sky-tile.com\/wp-content\/uploads\/2022\/11\/raccomandazioni-uso-600x605.jpg.webp 600w, https:\/\/www.sky-tile.com\/wp-content\/uploads\/2022\/11\/raccomandazioni-uso-298x300.jpg.webp 298w, https:\/\/www.sky-tile.com\/wp-content\/uploads\/2022\/11\/raccomandazioni-uso-150x150.jpg.webp 150w, https:\/\/www.sky-tile.com\/wp-content\/uploads\/2022\/11\/raccomandazioni-uso-768x774.jpg.webp 768w, https:\/\/www.sky-tile.com\/wp-content\/uploads\/2022\/11\/raccomandazioni-uso-12x12.jpg.webp 12w, https:\/\/www.sky-tile.com\/wp-content\/uploads\/2022\/11\/raccomandazioni-uso.jpg.webp 1056w\" sizes=\"(max-width: 1016px) 100vw, 1016px\" title=\"\">\t\t\t\t\t\t\t\t<\/a>\n\t\t\t\t\t\t\t\t\t\t\t\t\t\t\t<\/div>\n\t\t\t\t<\/div>\n\t\t\t\t\t<\/div>\n\t\t<\/div>\n\t\t\t\t\t<\/div>\n\t\t<\/section>\n\t\t\t\t<section class=\"has_eae_slider elementor-section elementor-top-section elementor-element elementor-element-674b565 elementor-section-boxed elementor-section-height-default elementor-section-height-default\" data-eae-slider=\"3166\" data-id=\"674b565\" data-element_type=\"section\">\n\t\t\t\t\t\t<div class=\"elementor-container elementor-column-gap-default\">\n\t\t\t\t\t<div class=\"has_eae_slider elementor-column elementor-col-100 elementor-top-column elementor-element elementor-element-69275d5\" data-eae-slider=\"63230\" data-id=\"69275d5\" data-element_type=\"column\">\n\t\t\t<div class=\"elementor-widget-wrap elementor-element-populated\">\n\t\t\t\t\t\t<div class=\"elementor-element elementor-element-bed2b16 elementor-widget elementor-widget-heading\" data-id=\"bed2b16\" data-element_type=\"widget\" data-widget_type=\"heading.default\">\n\t\t\t\t<div class=\"elementor-widget-container\">\n\t\t\t\t\t<h2 class=\"elementor-heading-title elementor-size-default\">Sie suchen einen Installateur? Wir k\u00fcmmern uns darum!<\/h2>\t\t\t\t<\/div>\n\t\t\t\t<\/div>\n\t\t\t\t<div class=\"elementor-element elementor-element-bfd542d elementor-widget elementor-widget-text-editor\" data-id=\"bfd542d\" data-element_type=\"widget\" data-widget_type=\"text-editor.default\">\n\t\t\t\t<div class=\"elementor-widget-container\">\n\t\t\t\t\t\t\t\t\t<p>Sollte in Ihrem privaten oder \u00f6ffentlichen Umfeld eine Neuinstallation erforderlich sein, k\u00f6nnen wir Sie an professionelle Installateure vermitteln, die Originalmaterial von Saint Gobain verwenden.<\/p><p>Der Installateur, der sich mit Ihnen in Verbindung setzt, wird Ihnen einen Kostenvoranschlag auf der Grundlage der von Ihnen angegebenen Quadratmeterzahl und der Anzahl der R\u00e4ume unterbreiten und dann die modulare Struktur zusammenbauen und unsere Sky-Tile-Paneele einsetzen.<\/p><p>Unsere vertrauensvolle Zusammenarbeit mit dem Hersteller Saint Gobain erm\u00f6glicht es uns, professionelle Installateure mit Ihnen in Verbindung zu setzen, die die Originalstrukturen von Saint Gobain an Ihrer Decke anbringen.<\/p><p>Mit dem Ausf\u00fcllen des nachstehenden Formulars geben Sie uns die Daten, die wir ben\u00f6tigen, um Ihnen zu helfen!<\/p>\t\t\t\t\t\t\t\t<\/div>\n\t\t\t\t<\/div>\n\t\t\t\t\t<\/div>\n\t\t<\/div>\n\t\t\t\t\t<\/div>\n\t\t<\/section>\n\t\t\t\t<\/div>","protected":false},"excerpt":{"rendered":"<p>Die Montage unserer Sky-Tile-Paneele ist einfach und sicher, da sie nur 400 g wiegen und mit einer einfachen Leiter von jedermann in die modulare Tr\u00e4gerstruktur eingef\u00fcgt und richtig positioniert werden k\u00f6nnen. Unsere 60\u00d760 modularen Deckenplatten werden auf eine von Saint [...] hergestellte Steinfaserunterlage gedruckt.<\/p>","protected":false},"author":1,"featured_media":0,"parent":0,"menu_order":0,"comment_status":"closed","ping_status":"closed","template":"","meta":{"_joinchat":[],"footnotes":""},"class_list":["post-10802","page","type-page","status-publish","hentry"],"blocksy_meta":[],"_links":{"self":[{"href":"https:\/\/www.sky-tile.com\/de\/wp-json\/wp\/v2\/pages\/10802","targetHints":{"allow":["GET"]}}],"collection":[{"href":"https:\/\/www.sky-tile.com\/de\/wp-json\/wp\/v2\/pages"}],"about":[{"href":"https:\/\/www.sky-tile.com\/de\/wp-json\/wp\/v2\/types\/page"}],"author":[{"embeddable":true,"href":"https:\/\/www.sky-tile.com\/de\/wp-json\/wp\/v2\/users\/1"}],"replies":[{"embeddable":true,"href":"https:\/\/www.sky-tile.com\/de\/wp-json\/wp\/v2\/comments?post=10802"}],"version-history":[{"count":0,"href":"https:\/\/www.sky-tile.com\/de\/wp-json\/wp\/v2\/pages\/10802\/revisions"}],"wp:attachment":[{"href":"https:\/\/www.sky-tile.com\/de\/wp-json\/wp\/v2\/media?parent=10802"}],"curies":[{"name":"wp","href":"https:\/\/api.w.org\/{rel}","templated":true}]}}